{"id":7322,"date":"2021-10-04T16:59:22","date_gmt":"2021-10-04T14:59:22","guid":{"rendered":"https:\/\/jacek.kwasniewski.org.pl\/?page_id=7322"},"modified":"2021-10-05T11:35:03","modified_gmt":"2021-10-05T09:35:03","slug":"jak-powstal-wszechswiat","status":"publish","type":"page","link":"https:\/\/jacek.kwasniewski.org.pl\/en\/teksty\/jak-powstal-wszechswiat\/","title":{"rendered":"Jak powsta\u0142 Wszech\u015bwiat"},"content":{"rendered":"\n<p><\/p>\n\n\n\n<figure class=\"wp-block-image size-large\"><img loading=\"lazy\" decoding=\"async\" width=\"1024\" height=\"603\" src=\"https:\/\/jacek.kwasniewski.org.pl\/media\/inne-teksty\/plawi3-1024x603.jpg\" alt=\"\" class=\"wp-image-7326\" srcset=\"https:\/\/jacek.kwasniewski.org.pl\/media\/inne-teksty\/plawi3-1024x603.jpg 1024w, https:\/\/jacek.kwasniewski.org.pl\/media\/inne-teksty\/plawi3-300x177.jpg 300w, https:\/\/jacek.kwasniewski.org.pl\/media\/inne-teksty\/plawi3-768x453.jpg 768w, https:\/\/jacek.kwasniewski.org.pl\/media\/inne-teksty\/plawi3.jpg 1300w\" sizes=\"auto, (max-width: 1024px) 100vw, 1024px\" \/><\/figure>\n\n\n<hr \/>\n<p style=\"text-align: justify;\"><span style=\"color: #000000;\">Kiedy Pan B\u00f3g tworzy\u0142 Wszech\u015bwiat, wezwa\u0142 archanio\u0142a odpowiedzialnego za powstanie jego cz\u0119\u015bci, nazwanej p\u00f3\u017aniej supergromad\u0105 Laniakei, da\u0142 mu stert\u0119 szkic\u00f3w i powiedzia\u0142: <\/span><\/p>\n<p style=\"text-align: justify;\"><span style=\"color: #000000;\">\u2013 S\u0142uchaj Darwin, za dziewi\u0119\u0107 miliard\u00f3w lat w Drodze Mlecznej, tej galaktyce w Supergromadzie Lokalnej, powstanie Uk\u0142ad S\u0142oneczny i Ziemia. Po nast\u0119pnych czterech i p\u00f3\u0142 miliardach lat, na Ziemi, w okolicach Australii maj\u0105 by\u0107 takie rybki i to stworzonko (nazwane p\u00f3\u017aniej p\u0142awikonikiem australijskim). Zorganizuj ewolucj\u0119, aby tam, na Wielkiej Rafie, tak to w\u0142a\u015bnie wygl\u0105da\u0142o. <\/span><\/p>\n<p style=\"text-align: justify;\"><span style=\"color: #000000;\">Archanio\u0142 popatrzy\u0142 na rysunki bajecznie kolorowych rybek, w paski, w pr\u0105\u017cki, w kropki, z w\u0105sami d\u0142u\u017cszymi ni\u017c ich cia\u0142a, na p\u0142awikonika i inne dziwol\u0105gi i nie\u015bmia\u0142o spyta\u0142 Boga, czy \u017cartuje.<\/span><\/p>\n<p style=\"text-align: justify;\"><span style=\"color: #000000;\">\u2013 Jestem absolutnie powa\u017cny \u2013 odpar\u0142 B\u00f3g.<\/span><\/p>\n<p style=\"text-align: justify;\"><span style=\"color: #000000;\">\u2013 Ale przecie\u017c to wszystko wygl\u0105da jak dowcip albo rysunki dzieci z przedszkola \u2013 rzek\u0142 zmieszany Darwin, my\u015bl\u0105c, \u017ce Najwy\u017cszy wystawia go na pr\u00f3b\u0119.<\/span><\/p>\n<p style=\"text-align: justify;\"><span style=\"color: #000000;\">\u2013 Nic nie rozumiesz Darwin, \u2013 powiedzia\u0142 B\u00f3g \u2013 za trzyna\u015bcie i p\u00f3\u0142 miliarda lat urodzi si\u0119 tam cz\u0142owiek, kt\u00f3ry zobaczy faun\u0119 australijskiej rafy i stwierdzi, \u017ce jest to najlepszy dow\u00f3d na istnienie Boga. Taki zwariowany zwierzyniec nie da si\u0119 bowiem wyt\u0142umaczy\u0107 wytrychem ewolucji. Chyba, \u017ce si\u0119 ustawi dla niej jakie\u015b zbzikowane parametry pocz\u0105tkowe. A wi\u0119c jest to dow\u00f3d \u2013 powie ten go\u015b\u0107 \u2013 na istnienie Boga z Jego poczucia humoru i przy okazji dow\u00f3d, \u017ce powo\u0142uje On do istnienia ca\u0142e Stworzenie z rado\u015bci\u0105 dziecka.<\/span><\/p>\n<p style=\"text-align: justify;\"><span style=\"color: #000000;\">\u2013 I to b\u0119dzie, Darwin, wa\u017cne potwierdzenie mojego istnienia, tak zwana pierwsza droga Kwa\u015bniewskiego z p\u0142awikonika. Do roboty ch\u0142opie, czasu masz sporo, im szybciej zaczniesz, tym mniej b\u0119dziesz si\u0119 musia\u0142 gimnastykowa\u0107 z pocz\u0105tkowymi parametrami i tym prawdopodobniej b\u0119dzie to wygl\u0105da\u0107 na bezmy\u015bln\u0105 ewolucj\u0119 a nie m\u00f3j zamys\u0142.<\/span><\/p>\n<p style=\"text-align: justify;\"><span style=\"color: #000000;\">Min\u0119\u0142o trzyna\u015bcie miliard\u00f3w lat, Ziemia liczy\u0142a ju\u017c cztery miliardy lat. Pan B\u00f3g wezwa\u0142 Darwina ponownie i archanio\u0142 czu\u0142, \u017ce to nie b\u0119dzie mi\u0142a rozmowa. <\/span><\/p>\n<p style=\"text-align: justify;\"><span style=\"color: #000000;\">&#8211; Ty cholerny obiboku! \u2013 rykn\u0105\u0142 B\u00f3g na jego widok \u2013 co\u015b ty robi\u0142 przez cztery miliardy lat? Ewolucja w powijakach! My\u015blisz, \u017ce nie wiem, gdzie sp\u0119dzasz czas? Hazard, picie i diablice. Ale teraz koniec. Spadasz, b\u0119dziesz upad\u0142ym anio\u0142em. <\/span><\/p>\n<p style=\"text-align: justify;\"><span style=\"color: #000000;\">I B\u00f3g musia\u0142 sam zakasa\u0107 r\u0119kawy. Do urodzenia Kwa\u015bniewskiego zosta\u0142o raptem 540 milion\u00f3w lat. Chc\u0105c nie chc\u0105c, B\u00f3g zrobi\u0142 biologiczne Bing Bang, czyli nag\u0142\u0105 kambryjsk\u0105 eksplozj\u0119 \u017cycia. Z punktu widzenia teorii ewolucji, kt\u00f3r\u0105 og\u0142osi\u0142 potem potomek upad\u0142ego archanio\u0142a, by\u0142o to kompletne Deux ex machina, ale nie by\u0142o innego wyj\u015bcia. <\/span><\/p>\n<p style=\"text-align: justify;\"><span style=\"color: #000000;\">Oto, jak tworzy\u0142 si\u0119 Wszech\u015bwiat.<\/span><\/p>\n<p>\u00a0<\/p>","protected":false},"excerpt":{"rendered":"<p>Kiedy Pan B\u00f3g tworzy\u0142 Wszech\u015bwiat, wezwa\u0142 archanio\u0142a odpowiedzialnego za powstanie jego cz\u0119\u015bci, nazwanej p\u00f3\u017aniej supergromad\u0105 Laniakei, da\u0142 mu stert\u0119 szkic\u00f3w i powiedzia\u0142: \u2013 S\u0142uchaj Darwin, za dziewi\u0119\u0107 miliard\u00f3w lat w Drodze Mlecznej, tej galaktyce w Supergromadzie Lokalnej, powstanie Uk\u0142ad S\u0142oneczny i Ziemia. Po nast\u0119pnych czterech i p\u00f3\u0142 miliardach lat, na Ziemi, w okolicach Australii maj\u0105 [&hellip;]<\/p>\n","protected":false},"author":1,"featured_media":0,"parent":894,"menu_order":0,"comment_status":"closed","ping_status":"closed","template":"","meta":{"footnotes":""},"categories":[1],"tags":[],"class_list":{"0":"post-7322","1":"page","2":"type-page","3":"status-publish","5":"category-inne-teksty","6":"czr-hentry"},"translation":{"provider":"WPGlobus","version":"3.0.2","language":"en","enabled_languages":["pl","en"],"languages":{"pl":{"title":true,"content":true,"excerpt":false},"en":{"title":false,"content":false,"excerpt":false}}},"_links":{"self":[{"href":"https:\/\/jacek.kwasniewski.org.pl\/en\/wp-json\/wp\/v2\/pages\/7322","targetHints":{"allow":["GET"]}}],"collection":[{"href":"https:\/\/jacek.kwasniewski.org.pl\/en\/wp-json\/wp\/v2\/pages"}],"about":[{"href":"https:\/\/jacek.kwasniewski.org.pl\/en\/wp-json\/wp\/v2\/types\/page"}],"author":[{"embeddable":true,"href":"https:\/\/jacek.kwasniewski.org.pl\/en\/wp-json\/wp\/v2\/users\/1"}],"replies":[{"embeddable":true,"href":"https:\/\/jacek.kwasniewski.org.pl\/en\/wp-json\/wp\/v2\/comments?post=7322"}],"version-history":[{"count":0,"href":"https:\/\/jacek.kwasniewski.org.pl\/en\/wp-json\/wp\/v2\/pages\/7322\/revisions"}],"up":[{"embeddable":true,"href":"https:\/\/jacek.kwasniewski.org.pl\/en\/wp-json\/wp\/v2\/pages\/894"}],"wp:attachment":[{"href":"https:\/\/jacek.kwasniewski.org.pl\/en\/wp-json\/wp\/v2\/media?parent=7322"}],"wp:term":[{"taxonomy":"category","embeddable":true,"href":"https:\/\/jacek.kwasniewski.org.pl\/en\/wp-json\/wp\/v2\/categories?post=7322"},{"taxonomy":"post_tag","embeddable":true,"href":"https:\/\/jacek.kwasniewski.org.pl\/en\/wp-json\/wp\/v2\/tags?post=7322"}],"curies":[{"name":"wp","href":"https:\/\/api.w.org\/{rel}","templated":true}]}}