{"id":3904,"date":"2018-10-03T11:26:48","date_gmt":"2018-10-03T09:26:48","guid":{"rendered":"http:\/\/jacek.kwasniewski.org.pl\/?page_id=3904"},"modified":"2019-07-18T11:06:15","modified_gmt":"2019-07-18T09:06:15","slug":"jesien-morska-swinka-i-inne-rzeczy","status":"publish","type":"page","link":"https:\/\/jacek.kwasniewski.org.pl\/en\/teksty\/jesien-morska-swinka-i-inne-rzeczy\/","title":{"rendered":"Jesie\u0144, morska \u015bwinka i inne rzeczy. Wiersz dla Mai"},"content":{"rendered":"<p><span style=\"color: #000000;\">Na pocz\u0105tek wam powiem nowin\u0119 radosn\u0105<\/span><br \/>\n<span style=\"color: #000000;\">Morsk\u0105 \u015bwink\u0119 dosta\u0142am. Jesieni\u0105, nie wiosn\u0105<\/span><\/p>\n<p style=\"padding-left: 30px;\"><span style=\"color: #000000;\">Wi\u0119c jesie\u0144 bardzo lubi\u0119. Kocham si\u0119 przytuli\u0107<\/span><br \/>\n<span style=\"color: #000000;\">Do mojej s\u0142odkiej Tu-Tu. D\u0142oni\u0105 j\u0105 otuli\u0107<\/span><\/p>\n<p><span style=\"color: #000000;\">A co do jesieni, bywa czasem z\u0142ota<\/span><br \/>\n<span style=\"color: #000000;\">Ale jesie\u0144 to tak\u017ce szaruga i s\u0142ota<\/span><\/p>\n<p style=\"padding-left: 30px;\"><span style=\"color: #000000;\">M\u00f3j dziadziu\u015b w og\u00f3le jesieni nie lubi<\/span><br \/>\n<span style=\"color: #000000;\">Bo katar wtedy \u0142apie, parasole gubi<\/span><\/p>\n<p><span style=\"color: #000000;\">Ja natomiast cieplej musz\u0119 si\u0119 ubiera\u0107<\/span><br \/>\n<span style=\"color: #000000;\">Bo tata b\u0119dzie zrz\u0119dzi\u0107, marudzi\u0107 i gdera\u0107<\/span><\/p>\n<p style=\"padding-left: 30px;\"><span style=\"color: #000000;\">Lecz jesie\u0144 posiada tak\u017ce dobre strony<\/span><br \/>\n<span style=\"color: #000000;\">Mo\u017cna ogl\u0105da\u0107 wielkie, czarne wrony<\/span><\/p>\n<p><span style=\"color: #000000;\">\u017bo\u0142\u0119dzie, kasztany i li\u015bcie zbieramy<\/span><br \/>\n<span style=\"color: #000000;\">B\u0119d\u0105 zabawki dla taty i mamy<\/span><\/p>\n<p style=\"padding-left: 30px;\"><span style=\"color: #000000;\">Zrobimy kotka, \u0142ab\u0119dzia i pana<\/span><br \/>\n<span style=\"color: #000000;\">A wszystko to zrobi\u0119 prawie ca\u0142kiem sama<\/span><\/p>\n<p><span style=\"color: #000000;\">Ja lubi\u0119 jesie\u0144 tak\u017ce kiedy pada<\/span><br \/>\n<span style=\"color: #000000;\">Bo wtedy w ka\u0142u\u017cach poskaka\u0107 wypada<\/span><\/p>\n<p style=\"padding-left: 30px;\"><span style=\"color: #000000;\">Gdy na to patrzy babcia, to si\u0119 denerwuje<\/span><br \/>\n<span style=\"color: #000000;\">Ale mnie humoru to wcale nie psuje<\/span><\/p>\n<p><span style=\"color: #000000;\">Bo dziadziu\u015b tak\u017ce skacze, \u017ce a\u017c bryzgi lec\u0105<\/span><br \/>\n<span style=\"color: #000000;\">I oczy nam si\u0119 wtedy ze \u015bmiechu a\u017c \u015bwiec\u0105.<\/span><\/p>\n<p>&nbsp;<\/p>\n<p><a href=\"http:\/\/jacek.kwasniewski.org.pl\/media\/inne-teksty\/No-i-niestety-sko\u0144czy\u0142o-si\u0119-lato5b.pdf\"><span style=\"color: #ffffff;\">&#8212;&#8212;-<\/span>wersja pdf<\/a><\/p>\n<p><em><span style=\"color: #ffffff;\">&#8212;&#8212;-<\/span><span style=\"color: #000000;\">Jacek Kwa\u015bniewski, 2018<\/span><\/em><\/p>\n<p>&nbsp;<\/p>\n","protected":false},"excerpt":{"rendered":"<p>Na pocz\u0105tek wam powiem nowin\u0119 radosn\u0105 Morsk\u0105 \u015bwink\u0119 dosta\u0142am. Jesieni\u0105, nie wiosn\u0105 Wi\u0119c jesie\u0144 bardzo lubi\u0119. Kocham si\u0119 przytuli\u0107 Do mojej s\u0142odkiej Tu-Tu. D\u0142oni\u0105 j\u0105 otuli\u0107 A co do jesieni, bywa czasem z\u0142ota Ale jesie\u0144 to tak\u017ce szaruga i s\u0142ota M\u00f3j dziadziu\u015b w og\u00f3le jesieni nie lubi Bo katar wtedy \u0142apie, parasole gubi Ja natomiast [&hellip;]<\/p>\n","protected":false},"author":1,"featured_media":0,"parent":894,"menu_order":0,"comment_status":"closed","ping_status":"closed","template":"","meta":{"footnotes":""},"categories":[],"tags":[],"class_list":["post-3904","page","type-page","status-publish","czr-hentry"],"translation":{"provider":"WPGlobus","version":"3.0.2","language":"en","enabled_languages":["pl","en"],"languages":{"pl":{"title":true,"content":true,"excerpt":false},"en":{"title":false,"content":false,"excerpt":false}}},"_links":{"self":[{"href":"https:\/\/jacek.kwasniewski.org.pl\/en\/wp-json\/wp\/v2\/pages\/3904","targetHints":{"allow":["GET"]}}],"collection":[{"href":"https:\/\/jacek.kwasniewski.org.pl\/en\/wp-json\/wp\/v2\/pages"}],"about":[{"href":"https:\/\/jacek.kwasniewski.org.pl\/en\/wp-json\/wp\/v2\/types\/page"}],"author":[{"embeddable":true,"href":"https:\/\/jacek.kwasniewski.org.pl\/en\/wp-json\/wp\/v2\/users\/1"}],"replies":[{"embeddable":true,"href":"https:\/\/jacek.kwasniewski.org.pl\/en\/wp-json\/wp\/v2\/comments?post=3904"}],"version-history":[{"count":0,"href":"https:\/\/jacek.kwasniewski.org.pl\/en\/wp-json\/wp\/v2\/pages\/3904\/revisions"}],"up":[{"embeddable":true,"href":"https:\/\/jacek.kwasniewski.org.pl\/en\/wp-json\/wp\/v2\/pages\/894"}],"wp:attachment":[{"href":"https:\/\/jacek.kwasniewski.org.pl\/en\/wp-json\/wp\/v2\/media?parent=3904"}],"wp:term":[{"taxonomy":"category","embeddable":true,"href":"https:\/\/jacek.kwasniewski.org.pl\/en\/wp-json\/wp\/v2\/categories?post=3904"},{"taxonomy":"post_tag","embeddable":true,"href":"https:\/\/jacek.kwasniewski.org.pl\/en\/wp-json\/wp\/v2\/tags?post=3904"}],"curies":[{"name":"wp","href":"https:\/\/api.w.org\/{rel}","templated":true}]}}