{"id":2502,"date":"2015-10-12T15:13:13","date_gmt":"2015-10-12T13:13:13","guid":{"rendered":"http:\/\/jacek.kwasniewski.org.pl\/?page_id=2502"},"modified":"2015-11-23T19:19:11","modified_gmt":"2015-11-23T18:19:11","slug":"istota-poezji","status":"publish","type":"page","link":"https:\/\/jacek.kwasniewski.org.pl\/en\/teksty\/istota-poezji\/","title":{"rendered":"Istota poezji"},"content":{"rendered":"<p><em>Wiersz zamieszczony w miesi\u0119czniku Tygiel Kultury 1-3 \/ 2010 <\/em><\/p>\n<p><span style=\"color: #000000;\">Jacek Kwa\u015bniewski<\/span><\/p>\n<p><span style=\"color: #000000;\">Istota poezji<\/span><\/p>\n<p><span style=\"color: #000000;\">Po pierwsze poeta nie wykorzystuje ca\u0142ej szeroko\u015bci strony<\/span><br \/>\n<span style=\"color: #000000;\">ale przewa\u017cnie pisze do jednej trzeciej<\/span><br \/>\n<span style=\"color: #000000;\">zdarzaj\u0105 si\u0119 wyj\u0105tki kt\u00f3re t\u0119 regu\u0142\u0119 potwierdzaj\u0105<\/span><br \/>\n<span style=\"color: #000000;\">po drugie poeta nie korzysta w zasadzie ze znak\u00f3w przestankowych<\/span><br \/>\n<span style=\"color: #000000;\">aczkolwiek stosuje znaki diakrytyczne, czyli \u0105, \u0119 i tym podobne<\/span><br \/>\n<span style=\"color: #000000;\">po trzecie ulega zanikowi rym, rytm i kadencja (cokolwiek ta ostatnia mo\u017ce oznacza\u0107)<\/span><br \/>\n<span style=\"color: #000000;\">po czwarte utwory s\u0105 kr\u00f3tkie<\/span><\/p>\n<p><span style=\"color: #000000;\">Po pi\u0105te istnieje bran\u017ca poetycka (poetry industry)<\/span><br \/>\n<span style=\"color: #000000;\">czyli redakcje krytycy poeci i wydawnictwa<\/span><br \/>\n<span style=\"color: #000000;\">\u017cyj\u0105cy z poezj\u0105 z poezji i poezj\u0105<\/span><br \/>\n<span style=\"color: #000000;\">bran\u017ca publikuje kryteria poezji wielkiej, tradycyjnej, postmodernistycznej<\/span><br \/>\n<span style=\"color: #000000;\">og\u0142asza kto wielkim poet\u0105 jest albo w\u0142a\u015bnie przesta\u0142 nim by\u0107<\/span><br \/>\n<span style=\"color: #000000;\">robi wywiady z kultowym poet\u0105 miesi\u0105ca<\/span><br \/>\n<span style=\"color: #000000;\">uk\u0142ada rankingi<\/span><br \/>\n<span style=\"color: #000000;\">i poetyckie listy przeboj\u00f3w<\/span><\/p>\n<p><span style=\"color: #000000;\">Poeci za\u015b pisz\u0105c o \u015bwiecie zwykle dyskutuj\u0105 z innymi poetami<\/span><br \/>\n<span style=\"color: #000000;\">kt\u00f3rzy pisali o \u015bwiecie komentuj\u0105c jeszcze innych poet\u00f3w<\/span><\/p>\n<p><span style=\"color: #000000;\">Opisywane przez poet\u00f3w wn\u0119trza ich samych<\/span><br \/>\n<span style=\"color: #000000;\">to ciemne pokr\u0119cone smutne i ma\u0142o apetyczne<\/span><br \/>\n<span style=\"color: #000000;\">stripteasy<\/span><\/p>\n<p><span style=\"color: #000000;\">A poezja to zaczarowany kr\u0105g<\/span><br \/>\n<span style=\"color: #000000;\">w kt\u00f3rym poeta pisze<\/span><br \/>\n<span style=\"color: #000000;\">wydawnictwo drukuje<\/span><br \/>\n<span style=\"color: #000000;\">krytyk komentuje<\/span><br \/>\n<span style=\"color: #000000;\">inny poeta czyta, zap\u0142adnia si\u0119 i pisze<\/span><br \/>\n<span style=\"color: #000000;\">kolejne wydawnictwo kolejny krytyk kolejny poeta kolejne zap\u0142odnienie<\/span><br \/>\n<span style=\"color: #000000;\">kontakt ze \u015bwiatem zewn\u0119trznym sporadyczny przypadkowy obustronnie niech\u0119tny<\/span><\/p>\n<p><span style=\"color: #000000;\">Poeta kt\u00f3rego zauwa\u017cy\u0142 zewn\u0119trzny \u015bwiat<\/span><br \/>\n<span style=\"color: #000000;\">dostaje Nobla<\/span><\/p>\n<p><span style=\"color: #000000;\">(1998)<\/span><\/p>\n<p><span style=\"color: #000000;\">Jak si\u0119 ten wiersz narodzi\u0142\u2026<\/span><\/p>\n<p><span style=\"color: #000000;\">\u0141\u00f3d\u017a, rok 1997. Spotkanie przyjaci\u00f3\u0142 redaguj\u0105cych niegdy\u015b trzytygodnik Pogl\u0105dy. Wychodzi\u0142 w latach 1980-81 jako jeden z dw\u00f3ch periodyk\u00f3w Solidarno\u015bci Ziemi \u0141\u00f3dzkiej. By\u0142 organem solidarno\u015bciowej sekcji nauki wy\u017cszej.<\/span><\/p>\n<p><span style=\"color: #000000;\">W stanie wojennym porozrzuca\u0142o nas po \u015bwiecie, ale co jaki\u015b czas zbiegali\u015bmy si\u0119 do \u0141odzi, aby zobaczy\u0107 jak wygl\u0105damy i pos\u0142ucha\u0107, co robimy. Tym razem przyjecha\u0142 nawet specjalnie na nasze spotkanie Pawe\u0142 z Los Angeles.<\/span><\/p>\n<p><span style=\"color: #000000;\">By\u0142o uroczo, temat\u00f3w ani alkoholu nie brakowa\u0142o. Gospodarze zadbali o dobre jedzenie. Gdy noc by\u0142a g\u0142\u0119boka a w g\u0142owach nie\u017ale dymi\u0142o, przyjaciele nagle zacz\u0119li wyci\u0105ga\u0107 karteczki z wierszami. Zacz\u0119\u0142o si\u0119 czytanie. I zabaw\u0119 szlag trafi\u0142.<\/span><\/p>\n<p><span style=\"color: #000000;\">Z ka\u017cdym wierszem robi\u0142o si\u0119 coraz smutniej. \u015awiat w nich odbity by\u0142 szary a ludzi, tak\u017ce autor\u00f3w &#8211; przenika\u0142 b\u00f3l i t\u0119sknota. Do tego nie by\u0142em w stanie w og\u00f3le zrozumie\u0107, o co konkretnie idzie. Jasne by\u0142o tylko to, \u017ce wszystko jest ciemne. I ponure. Powiedzia\u0142em o tych wra\u017ceniach, ale &#8211; nie wiedzie\u0107 czemu &#8211; nie wzbudzi\u0142o to zachwytu autor\u00f3w.<\/span><\/p>\n<p><span style=\"color: #000000;\">Zapowiedzia\u0142em w\u00f3wczas, \u017ce tak\u017ce zmierz\u0119 si\u0119 z muz\u0105 poezji. I nied\u0142ugo potem sp\u0142odzi\u0142em kilka m\u0119tnych, ale pe\u0142nych rozpaczy wierszy. Po ich napisaniu doszed\u0142em do wniosku, \u017ce maj\u0105c taki dorobek, mog\u0119 si\u0119 pokusi\u0107 o co\u015b w rodzaju syntezy. Tak powsta\u0142 utw\u00f3r o istocie poezji.<\/span><\/p>\n","protected":false},"excerpt":{"rendered":"<p>Wiersz zamieszczony w miesi\u0119czniku Tygiel Kultury 1-3 \/ 2010 Jacek Kwa\u015bniewski Istota poezji Po pierwsze poeta nie wykorzystuje ca\u0142ej szeroko\u015bci strony ale przewa\u017cnie pisze do jednej trzeciej zdarzaj\u0105 si\u0119 wyj\u0105tki kt\u00f3re t\u0119 regu\u0142\u0119 potwierdzaj\u0105 po drugie poeta nie korzysta w zasadzie ze znak\u00f3w przestankowych aczkolwiek stosuje znaki diakrytyczne, czyli \u0105, \u0119 i tym podobne po [&hellip;]<\/p>\n","protected":false},"author":1,"featured_media":0,"parent":894,"menu_order":0,"comment_status":"closed","ping_status":"closed","template":"","meta":{"footnotes":""},"categories":[1],"tags":[],"class_list":{"0":"post-2502","1":"page","2":"type-page","3":"status-publish","5":"category-inne-teksty","6":"czr-hentry"},"translation":{"provider":"WPGlobus","version":"3.0.2","language":"en","enabled_languages":["pl","en"],"languages":{"pl":{"title":true,"content":true,"excerpt":false},"en":{"title":false,"content":false,"excerpt":false}}},"_links":{"self":[{"href":"https:\/\/jacek.kwasniewski.org.pl\/en\/wp-json\/wp\/v2\/pages\/2502","targetHints":{"allow":["GET"]}}],"collection":[{"href":"https:\/\/jacek.kwasniewski.org.pl\/en\/wp-json\/wp\/v2\/pages"}],"about":[{"href":"https:\/\/jacek.kwasniewski.org.pl\/en\/wp-json\/wp\/v2\/types\/page"}],"author":[{"embeddable":true,"href":"https:\/\/jacek.kwasniewski.org.pl\/en\/wp-json\/wp\/v2\/users\/1"}],"replies":[{"embeddable":true,"href":"https:\/\/jacek.kwasniewski.org.pl\/en\/wp-json\/wp\/v2\/comments?post=2502"}],"version-history":[{"count":0,"href":"https:\/\/jacek.kwasniewski.org.pl\/en\/wp-json\/wp\/v2\/pages\/2502\/revisions"}],"up":[{"embeddable":true,"href":"https:\/\/jacek.kwasniewski.org.pl\/en\/wp-json\/wp\/v2\/pages\/894"}],"wp:attachment":[{"href":"https:\/\/jacek.kwasniewski.org.pl\/en\/wp-json\/wp\/v2\/media?parent=2502"}],"wp:term":[{"taxonomy":"category","embeddable":true,"href":"https:\/\/jacek.kwasniewski.org.pl\/en\/wp-json\/wp\/v2\/categories?post=2502"},{"taxonomy":"post_tag","embeddable":true,"href":"https:\/\/jacek.kwasniewski.org.pl\/en\/wp-json\/wp\/v2\/tags?post=2502"}],"curies":[{"name":"wp","href":"https:\/\/api.w.org\/{rel}","templated":true}]}}