{"id":1219,"date":"2015-07-23T17:23:29","date_gmt":"2015-07-23T15:23:29","guid":{"rendered":"http:\/\/www.kwasniewski.org.pl\/?page_id=1219"},"modified":"2021-01-28T00:04:30","modified_gmt":"2021-01-27T23:04:30","slug":"jones-eric-lionel-the-european-miracle","status":"publish","type":"page","link":"https:\/\/jacek.kwasniewski.org.pl\/en\/recenzje-ksiazek\/jones-eric-lionel-the-european-miracle\/","title":{"rendered":"Jones Eric Lionel, The European Miracle"},"content":{"rendered":"<p style=\"text-align: justify;\"><span style=\"color: #000000;\"><strong>Eric Lionel Jones<\/strong><\/span><br \/>\n<span style=\"color: #000000;\"><strong>Cud europejski.&nbsp; \u015arodowisko, gospodarka i geopolityka w historii Europy i Azji<br \/>\n<\/strong>Recenzja oraz t\u0142umaczenie \/ streszczenie \u2013 Jacek Kwa\u015bniewski (2021)<\/span><\/p>\n<p><span style=\"color: #000000;\"><em>The European Miracle. Environments, economies, and geopolitics in the history of Europe and Asia. (wydanie II, Cambridge University Press, 1997)<\/em><\/span><\/p>\n<p><span style=\"color: #000000;\">Recenzja i streszczenie \/ t\u0142umaczenie zosta\u0142y zrobione w roku 2007 a w roku 2021 zaktualizowane. Obecnie usun\u0105\u0142em wersj\u0119 on line. Aktualna wersja pdf, patrz:<\/span> <a href=\"https:\/\/jacek.kwasniewski.org.pl\/recenzje-ksiazek\/#Jones_Eric_Lionel_The_European_Miracle\">The_European_Miracle<\/a><\/p>\n<p style=\"text-align: justify;\">\n","protected":false},"excerpt":{"rendered":"<p>Eric Lionel Jones Cud europejski.&nbsp; \u015arodowisko, gospodarka i geopolityka w historii Europy i Azji Recenzja oraz t\u0142umaczenie \/ streszczenie \u2013 Jacek Kwa\u015bniewski (2021) The European Miracle. Environments, economies, and geopolitics in the history of Europe and Asia. (wydanie II, Cambridge University Press, 1997) Recenzja i streszczenie \/ t\u0142umaczenie zosta\u0142y zrobione w roku 2007 a w [&hellip;]<\/p>\n","protected":false},"author":1,"featured_media":0,"parent":1167,"menu_order":0,"comment_status":"closed","ping_status":"open","template":"","meta":{"footnotes":""},"categories":[2],"tags":[],"class_list":{"0":"post-1219","1":"page","2":"type-page","3":"status-publish","5":"category-recenzje","6":"czr-hentry"},"translation":{"provider":"WPGlobus","version":"3.0.2","language":"en","enabled_languages":["pl","en"],"languages":{"pl":{"title":true,"content":true,"excerpt":false},"en":{"title":false,"content":false,"excerpt":false}}},"_links":{"self":[{"href":"https:\/\/jacek.kwasniewski.org.pl\/en\/wp-json\/wp\/v2\/pages\/1219","targetHints":{"allow":["GET"]}}],"collection":[{"href":"https:\/\/jacek.kwasniewski.org.pl\/en\/wp-json\/wp\/v2\/pages"}],"about":[{"href":"https:\/\/jacek.kwasniewski.org.pl\/en\/wp-json\/wp\/v2\/types\/page"}],"author":[{"embeddable":true,"href":"https:\/\/jacek.kwasniewski.org.pl\/en\/wp-json\/wp\/v2\/users\/1"}],"replies":[{"embeddable":true,"href":"https:\/\/jacek.kwasniewski.org.pl\/en\/wp-json\/wp\/v2\/comments?post=1219"}],"version-history":[{"count":0,"href":"https:\/\/jacek.kwasniewski.org.pl\/en\/wp-json\/wp\/v2\/pages\/1219\/revisions"}],"up":[{"embeddable":true,"href":"https:\/\/jacek.kwasniewski.org.pl\/en\/wp-json\/wp\/v2\/pages\/1167"}],"wp:attachment":[{"href":"https:\/\/jacek.kwasniewski.org.pl\/en\/wp-json\/wp\/v2\/media?parent=1219"}],"wp:term":[{"taxonomy":"category","embeddable":true,"href":"https:\/\/jacek.kwasniewski.org.pl\/en\/wp-json\/wp\/v2\/categories?post=1219"},{"taxonomy":"post_tag","embeddable":true,"href":"https:\/\/jacek.kwasniewski.org.pl\/en\/wp-json\/wp\/v2\/tags?post=1219"}],"curies":[{"name":"wp","href":"https:\/\/api.w.org\/{rel}","templated":true}]}}