{"id":1207,"date":"2015-07-23T14:33:29","date_gmt":"2015-07-23T12:33:29","guid":{"rendered":"http:\/\/www.kwasniewski.org.pl\/?page_id=1207"},"modified":"2016-10-05T13:16:05","modified_gmt":"2016-10-05T11:16:05","slug":"dyson-george-d-darwin-wsrod-maszyn-rzecz-o-ewolucji-inteligencji","status":"publish","type":"page","link":"https:\/\/jacek.kwasniewski.org.pl\/en\/recenzje-ksiazek\/dyson-george-d-darwin-wsrod-maszyn-rzecz-o-ewolucji-inteligencji\/","title":{"rendered":"Dyson George D., Darwin w\u015br\u00f3d maszyn. Rzecz o ewolucji inteligencji"},"content":{"rendered":"<h2 style=\"text-align: justify;\"><span style=\"color: #000000;\">Notatka o ksi\u0105\u017cce<\/span><\/h2>\n<p style=\"text-align: justify;\"><span style=\"color: #000000;\"><strong>George B. Dyson<\/strong><\/span><br \/>\n<span style=\"color: #000000;\"><strong>Darwin w\u015br\u00f3d maszyn. Rzecz o ewolucji inteligencji<\/strong> <em>(Darwin Among the Machines. The Evolution of Global Intelligence)<\/em><\/span><\/p>\n<p style=\"text-align: justify;\"><span style=\"color: #000000;\">Ksi\u0105\u017ck\u0119 kupi\u0142em niedawno. I zawiod\u0142em si\u0119. Istniej\u0105 koncepcje, \u017ce ewolucja biologiczna wchodzi teraz w drug\u0105 faz\u0119,\u00a0 kt\u00f3rej podmiotem s\u0105 maszyny lub maszyny i ludzie razem. Koncepcja mo\u017ce nieco zbzikowana, ale skoro powa\u017cny Richard Dawkins zainicjowa\u0142 my\u015blenie o ewolucji memowej (kultura jako proces ewolucyjny z memami, informacyjnymi odpowiednikami gen\u00f3w) to spojrzenie na ostatnie dekady super szybkiego rozwoju wszelkiego rodzaju maszyn z takiej perspektywy mo\u017ce by\u0107 inspiruj\u0105ce. Ale nie jest. Przynajmniej u Dysona.\u00a0 Co ciekawe, sama ksi\u0105\u017cka by\u0142aby mo\u017ce i ciekawa, gdyby j\u0105 czyta\u0107 nie jako \u201eRzecz o ewolucji inteligencji\u201d, bo o tym akurat nie jest, ale jako kawa\u0142ek historii i prehistorii maszyn licz\u0105cych, teorii informacji, cybernetyki i tych dziedzin matematyki, kt\u00f3re s\u0142u\u017c\u0105 \u201ekomputeryzacji\u201d. Dyson jest historykiem techniki i na tym si\u0119 zna.<\/span><\/p>\n<p style=\"text-align: justify;\"><span style=\"color: #000000;\">Ja jednak ci\u0105gle i na pr\u00f3\u017cno szuka\u0142em w tej ksi\u0105\u017cce spojrzenia ewolucyjnego na rozw\u00f3j techniki i maszyn. W ko\u0144cu, w trzech ostatnich rozdzia\u0142ach troch\u0119 o tym jest. Ale jedynie troch\u0119 i niezbyt ciekawie. Dyson zaczyna si\u0119 przy tym wik\u0142a\u0107 w problematyk\u0119 czym jest sztuczna, maszynowa inteligencja. Generalna teza, wy\u0142o\u017cona nie\u015bmia\u0142o brzmi: sztuczna inteligencja by\u0107 mo\u017ce powstanie nie jako efekt zamierzonych dzia\u0142a\u0144 projektant\u00f3w i nie b\u0119dzie ni\u0105 obdarzona jaka\u015b pojedyncza maszyna, ale by\u0107 mo\u017ce inteligencja \u201emaszynowa\u201d zrodzi si\u0119 spontanicznie w sieciach komputerowych.<\/span><\/p>\n<p style=\"text-align: justify;\"><span style=\"color: #000000;\">Je\u015bli jednak kto\u015b chcia\u0142by pozna\u0107 histori\u0119 maszyn obliczeniowych, teorii informacji i perypetie rozmaitych enfants terribles tych dziedzin mo\u017ce spokojnie t\u0119 ksi\u0105\u017ck\u0119 poczyta\u0107 i si\u0119 nie zawiedzie. Byle nie da\u0142 si\u0119 nabra\u0107, jak ja, na tytu\u0142.<\/span><\/p>\n","protected":false},"excerpt":{"rendered":"<p>Notatka o ksi\u0105\u017cce George B. Dyson Darwin w\u015br\u00f3d maszyn. Rzecz o ewolucji inteligencji (Darwin Among the Machines. The Evolution of Global Intelligence) Ksi\u0105\u017ck\u0119 kupi\u0142em niedawno. I zawiod\u0142em si\u0119. Istniej\u0105 koncepcje, \u017ce ewolucja biologiczna wchodzi teraz w drug\u0105 faz\u0119,\u00a0 kt\u00f3rej podmiotem s\u0105 maszyny lub maszyny i ludzie razem. Koncepcja mo\u017ce nieco zbzikowana, ale skoro powa\u017cny Richard [&hellip;]<\/p>\n","protected":false},"author":1,"featured_media":0,"parent":1167,"menu_order":0,"comment_status":"closed","ping_status":"open","template":"","meta":{"footnotes":""},"categories":[2],"tags":[],"class_list":{"0":"post-1207","1":"page","2":"type-page","3":"status-publish","5":"category-recenzje","6":"czr-hentry"},"translation":{"provider":"WPGlobus","version":"3.0.2","language":"en","enabled_languages":["pl","en"],"languages":{"pl":{"title":true,"content":true,"excerpt":false},"en":{"title":false,"content":false,"excerpt":false}}},"_links":{"self":[{"href":"https:\/\/jacek.kwasniewski.org.pl\/en\/wp-json\/wp\/v2\/pages\/1207","targetHints":{"allow":["GET"]}}],"collection":[{"href":"https:\/\/jacek.kwasniewski.org.pl\/en\/wp-json\/wp\/v2\/pages"}],"about":[{"href":"https:\/\/jacek.kwasniewski.org.pl\/en\/wp-json\/wp\/v2\/types\/page"}],"author":[{"embeddable":true,"href":"https:\/\/jacek.kwasniewski.org.pl\/en\/wp-json\/wp\/v2\/users\/1"}],"replies":[{"embeddable":true,"href":"https:\/\/jacek.kwasniewski.org.pl\/en\/wp-json\/wp\/v2\/comments?post=1207"}],"version-history":[{"count":0,"href":"https:\/\/jacek.kwasniewski.org.pl\/en\/wp-json\/wp\/v2\/pages\/1207\/revisions"}],"up":[{"embeddable":true,"href":"https:\/\/jacek.kwasniewski.org.pl\/en\/wp-json\/wp\/v2\/pages\/1167"}],"wp:attachment":[{"href":"https:\/\/jacek.kwasniewski.org.pl\/en\/wp-json\/wp\/v2\/media?parent=1207"}],"wp:term":[{"taxonomy":"category","embeddable":true,"href":"https:\/\/jacek.kwasniewski.org.pl\/en\/wp-json\/wp\/v2\/categories?post=1207"},{"taxonomy":"post_tag","embeddable":true,"href":"https:\/\/jacek.kwasniewski.org.pl\/en\/wp-json\/wp\/v2\/tags?post=1207"}],"curies":[{"name":"wp","href":"https:\/\/api.w.org\/{rel}","templated":true}]}}