{"id":1158,"date":"2015-07-22T14:37:12","date_gmt":"2015-07-22T12:37:12","guid":{"rendered":"http:\/\/www.kwasniewski.org.pl\/?page_id=1158"},"modified":"2015-09-08T13:59:33","modified_gmt":"2015-09-08T11:59:33","slug":"streszczenie-sens-zycia-jest-gdy-o-nim-nie-myslimy","status":"publish","type":"page","link":"https:\/\/jacek.kwasniewski.org.pl\/en\/teksty\/streszczenie-sens-zycia-jest-gdy-o-nim-nie-myslimy\/","title":{"rendered":"Streszczenie &#8211; Sens \u017cycia jest, gdy o nim nie my\u015blimy"},"content":{"rendered":"<h4 style=\"text-align: justify;\">Spis tre\u015bci<\/h4>\n<ul>\n<li style=\"text-align: justify;\">Jak z powietrzem<\/li>\n<li style=\"text-align: justify;\">Co to znaczy utraci\u0107 sens \u017cycia?<\/li>\n<li style=\"text-align: justify;\">Sens \u017cycia jako r\u00f3wnowaga mi\u0119dzy r\u00f3\u017cnymi warto\u015bciami<\/li>\n<li style=\"text-align: justify;\">Sens \u017cycia jako cel istnienia<\/li>\n<li style=\"text-align: justify;\">Dlaczego dominuje rozumienie sensu \u017cycia jako celu?<\/li>\n<\/ul>\n<h4 style=\"text-align: justify;\">Pocz\u0105tek tekstu<\/h4>\n<p style=\"text-align: justify;\">Z sensem \u017cycia jest jak z powietrzem. Doskwiera tylko jego brak. Kiedy jest, prawie go nie zauwa\u017camy. Ale od razu wiemy, kiedy znika, bo zaczynamy cierpie\u0107. Mo\u017cna st\u0105d wnosi\u0107, \u017ce je\u015bli zbytnio o tym nie my\u015blimy, sensu \u017cycia pewnie nam nie brakuje. Tak samo, jak z powietrzem, kt\u00f3rym oddychamy \u2013 nie jest problemem, dop\u00f3ki jest.<\/p>\n<p style=\"text-align: justify;\">A \u017ce wi\u0119kszo\u015b\u0107 z nas nie zaprz\u0105ta sobie na co dzie\u0144 g\u0142owy sensem \u017cycia, mo\u017cna przypuszcza\u0107, \u017ce problem zosta\u0142 rozdmuchany przez ludzi zajmuj\u0105cych si\u0119 nim zawodowo, czyli filozof\u00f3w, ksi\u0119\u017cy i psychiatr\u00f3w. Z tego banalnego faktu, \u017ce o sensie \u017cycia normalny cz\u0142owiek nie my\u015bli wtedy, gdy go ma, ale, gdy czuje, \u017ce go straci\u0142, mo\u017cna wyprowadzi\u0107 wnioski, kt\u00f3re radykalnie zmieniaj\u0105 tradycyjne podej\u015bcie do ca\u0142ego problemu. Sens \u017cycia dla znakomitej wi\u0119kszo\u015bci okazuje si\u0119 pewn\u0105 r\u00f3wnowag\u0105, jakiej do\u015bwiadczamy przewa\u017cnie bez udzia\u0142u \u015bwiadomo\u015bci, a nie nadrz\u0119dnym celem istnienia, czy odpowiedzi\u0105 na pytanie: po co \u017cyj\u0119? To pytanie interesuje znikom\u0105 mniejszo\u015b\u0107.<\/p>\n","protected":false},"excerpt":{"rendered":"<p>Spis tre\u015bci Jak z powietrzem Co to znaczy utraci\u0107 sens \u017cycia? Sens \u017cycia jako r\u00f3wnowaga mi\u0119dzy r\u00f3\u017cnymi warto\u015bciami Sens \u017cycia jako cel istnienia Dlaczego dominuje rozumienie sensu \u017cycia jako celu? Pocz\u0105tek tekstu Z sensem \u017cycia jest jak z powietrzem. Doskwiera tylko jego brak. Kiedy jest, prawie go nie zauwa\u017camy. Ale od razu wiemy, kiedy znika, [&hellip;]<\/p>\n","protected":false},"author":1,"featured_media":0,"parent":894,"menu_order":0,"comment_status":"closed","ping_status":"open","template":"","meta":{"footnotes":""},"categories":[1],"tags":[],"class_list":{"0":"post-1158","1":"page","2":"type-page","3":"status-publish","5":"category-inne-teksty","6":"czr-hentry"},"translation":{"provider":"WPGlobus","version":"3.0.2","language":"en","enabled_languages":["pl","en"],"languages":{"pl":{"title":true,"content":true,"excerpt":false},"en":{"title":false,"content":false,"excerpt":false}}},"_links":{"self":[{"href":"https:\/\/jacek.kwasniewski.org.pl\/en\/wp-json\/wp\/v2\/pages\/1158","targetHints":{"allow":["GET"]}}],"collection":[{"href":"https:\/\/jacek.kwasniewski.org.pl\/en\/wp-json\/wp\/v2\/pages"}],"about":[{"href":"https:\/\/jacek.kwasniewski.org.pl\/en\/wp-json\/wp\/v2\/types\/page"}],"author":[{"embeddable":true,"href":"https:\/\/jacek.kwasniewski.org.pl\/en\/wp-json\/wp\/v2\/users\/1"}],"replies":[{"embeddable":true,"href":"https:\/\/jacek.kwasniewski.org.pl\/en\/wp-json\/wp\/v2\/comments?post=1158"}],"version-history":[{"count":0,"href":"https:\/\/jacek.kwasniewski.org.pl\/en\/wp-json\/wp\/v2\/pages\/1158\/revisions"}],"up":[{"embeddable":true,"href":"https:\/\/jacek.kwasniewski.org.pl\/en\/wp-json\/wp\/v2\/pages\/894"}],"wp:attachment":[{"href":"https:\/\/jacek.kwasniewski.org.pl\/en\/wp-json\/wp\/v2\/media?parent=1158"}],"wp:term":[{"taxonomy":"category","embeddable":true,"href":"https:\/\/jacek.kwasniewski.org.pl\/en\/wp-json\/wp\/v2\/categories?post=1158"},{"taxonomy":"post_tag","embeddable":true,"href":"https:\/\/jacek.kwasniewski.org.pl\/en\/wp-json\/wp\/v2\/tags?post=1158"}],"curies":[{"name":"wp","href":"https:\/\/api.w.org\/{rel}","templated":true}]}}