{"id":1149,"date":"2015-07-22T14:31:15","date_gmt":"2015-07-22T12:31:15","guid":{"rendered":"http:\/\/www.kwasniewski.org.pl\/?page_id=1149"},"modified":"2015-09-12T09:08:00","modified_gmt":"2015-09-12T07:08:00","slug":"streszczenie-islam-i-rosja-przegrane-cywilizacje","status":"publish","type":"page","link":"https:\/\/jacek.kwasniewski.org.pl\/en\/teksty\/streszczenie-islam-i-rosja-przegrane-cywilizacje\/","title":{"rendered":"Streszczenie &#8211; Islam i Rosja: przegrane cywilizacje?"},"content":{"rendered":"<h4 style=\"text-align: justify;\">Spis tre\u015bci<\/h4>\n<ul>\n<li style=\"text-align: justify;\">Wst\u0119p<\/li>\n<li style=\"text-align: justify;\">Zach\u00f3d \u2013 sekularyzacja i modernizacja a kultura Czasu<\/li>\n<li style=\"text-align: justify;\">Islam \u2013 jak powolna sekularyzacja op\u00f3\u017ania modernizacj\u0119<\/li>\n<li style=\"text-align: justify;\">Rosja \u2013 jak zbyt szybka sekularyzacja hamuje modernizacj\u0119<\/li>\n<li style=\"text-align: justify;\">Zako\u0144czenie: inni uczestnicy wy\u015bcigu<\/li>\n<li style=\"text-align: justify;\">Summary<\/li>\n<\/ul>\n<p style=\"text-align: justify;\"><strong>Notka z wrze\u015bnia 2015<\/strong><\/p>\n<p>Tekst by\u0142 pisany dziewi\u0119\u0107 lat temu. Dzisiaj przegrana cywilizacyjna Rosji jest coraz bardziej widoczna. Przegrana ekonomiczna, militarna islamu tak\u017ce.<\/p>\n<p style=\"text-align: justify;\"><strong><span style=\"color: #ff0000;\">Ale nie przewidzia\u0142em,<\/span><\/strong> \u017ce ten przegrywaj\u0105cy islam zaatakuje Zach\u00f3d i atak przybierze posta\u0107 tak banaln\u0105 jak rzeka muzu\u0142man\u00f3w p\u0142yn\u0105cych do Europy z w\u0142asn\u0105 kultur\u0105, odrzucaj\u0105cych fundamenty prawne naszej cywilizacji (\u017c\u0105danie respektowania szariatu), neguj\u0105cych r\u00f3wne prawa dla kobiet, domagaj\u0105cych si\u0119 dla siebie europejskiej szczodro\u015bci ekonomicznej, importu radykalnych mu\u0142\u0142\u00f3w, zgody na rzek\u0119 pieni\u0119dzy z Arabii Saudyjskiej na budow\u0119 meczet\u00f3w i tak zwanych centr\u00f3w kultury muzu\u0142ma\u0144skiej, kt\u00f3re s\u0105 wyl\u0119garni\u0105 fundamentalizmu i fanatyzmu.<\/p>\n<p style=\"text-align: justify;\">Nie przewidzia\u0142em, \u017ce my &#8211; Europejczycy\u00a0 &#8211; oka\u017cemy si\u0119 tak naiwni, tak przesi\u0105kni\u0119ci relatywizmem kulturowym (wszystkie kultury s\u0105 r\u00f3wne sobie, nie wolno jednej stawia\u0107 wy\u017cej a innej ni\u017cej) a wi\u0119c tak os\u0142abieni w naszej wierze we w\u0142asne fundamenty cywilizacyjne, \u017ce b\u0119dziemy co i raz ust\u0119powa\u0107 coraz bardziej natarczywym \u017c\u0105daniom spo\u0142eczno\u015bci muzu\u0142ma\u0144skich, kt\u00f3re mieszkaj\u0105 w Europie. Tak\u017ce w strachu przed islamskim terroryzmem, kt\u00f3ry ju\u017c zawita\u0142 do naszych miast.<\/p>\n<p style=\"text-align: justify;\">Czuj\u0119 si\u0119 troch\u0119 jak cywilizowany Rzymianin spogl\u0105daj\u0105cy na brudnych, brutalnych i prymitywnych barbarzy\u0144c\u00f3w, kt\u00f3rzy zdobywaj\u0105 kolejne przycz\u00f3\u0142ki mojego imperium. Wtedy opok\u0105 cywilizacji, ale w perspektywie kilkuset lat, okaza\u0142 si\u0119 Ko\u015bci\u00f3\u0142 Katolicki. Dzisiaj i on jakby nie widzia\u0142 zagro\u017cenia&#8230;<\/p>\n<p style=\"text-align: justify;\">Wszystkim polecam jedn\u0105 lektur\u0119. To ch\u0142odny, beznami\u0119tny opis funkcjonowania spo\u0142eczno\u015bci muzu\u0142ma\u0144skich w Europie zachodniej. Marek Orzechowski &#8220;M\u00f3j s\u0105siad islamista&#8221;. Wydawnictwo Muza. Do nabycia w wersji papierowej i elektronicznej (epub i mobi). Orzechowski to polski dziennikarz mieszkaj\u0105cy w Belgii od kilkunastu lat.<\/p>\n<p style=\"text-align: justify;\">Polecam tak\u017ce portal http:\/\/euroislam.pl\u00a0 Ci ludzie widz\u0105 zagro\u017cenia i pisz\u0105 o nich spokojnie<\/p>\n<h4 style=\"text-align: justify;\">Ze Wst\u0119pu<\/h4>\n<p style=\"text-align: justify;\">O to\u017csamo\u015bci wsp\u00f3\u0142czesnego Zachodu w du\u017cym stopniu zadecydowa\u0142 historyczny proces przekszta\u0142cenia czasu w warto\u015b\u0107. Przekszta\u0142cenie to by\u0142o efektem trwaj\u0105cych przez wieki proces\u00f3w sekularyzacji i modernizacji. Sekularyzacja u\u015bwi\u0119ci\u0142a czas doczesny, modernizacja \u2013 czas ekonomiczny. Wzrost warto\u015bci czasu doczesnego leg\u0142 u podstaw jednego z g\u0142\u00f3wnych wsp\u00f3\u0142czesnych priorytet\u00f3w cz\u0142owieka Zachodu \u2013 d\u0105\u017cenia, aby By\u0107-Coraz-D\u0142u\u017cej tu na ziemi. Procesy modernizacyjne, poprzez post\u0119p techniczny i kumulacj\u0119 kapita\u0142u, umo\u017cliwiaj\u0105 realizacj\u0119 tego d\u0105\u017cenia i tworz\u0105 w\u0142asny priorytet odno\u015bnie czasu \u2013 przymus bycia i dzia\u0142ania coraz szybciej. Przymus szybko\u015bci zrodzi\u0142 inne \u017c\u0105danie: Bycia-Coraz-D\u0142u\u017cej-M\u0142odym. Oba \u017c\u0105dania D\u0142u\u017cej coraz silniej determinuj\u0105 sposoby wykorzystania zasob\u00f3w cywilizacyjnych i kieruj\u0105 nas na drog\u0119, kt\u00f3ra dotyka ju\u017c granicy wykraczaj\u0105cej poza doczesno\u015b\u0107. Priorytet Bycia-Coraz-D\u0142u\u017cej, cho\u0107 mocno zakotwiczony w doczesno\u015bci, jest bowiem bezkresny i wyznacza horyzont (nie dyskutuj\u0105c czy realny) w Byciu dowolnie d\u0142ugo lub bez ko\u0144ca.<\/p>\n<p style=\"text-align: justify;\">Tak ukszta\u0142towana cywilizacja spotyka si\u0119 z innymi kulturami. Interesuje nas spotkanie z islamem i Rosj\u0105, kt\u00f3re, podobnie jak Zach\u00f3d, powi\u0105zane s\u0105 historycznie z religiami teocentrycznymi. Obie te cywilizacje tak\u017ce ulegaj\u0105 sekularyzacji oraz dokonuj\u0105 si\u0119 w nich procesy modernizacyjne (sfera gospodarki, techniki i nauki). Istotn\u0105 r\u00f3\u017cnic\u0105 jest zachodnia przewaga w poziomie modernizacji oraz radykalnie dalej posuni\u0119ta sekularyzacja w por\u00f3wnaniu z islamem. W przypadku Rosji sekularyzacja jest tak\u017ce bardzo zaawansowana, ale powsta\u0142a w wyniku wymuszonego przyspieszenia, co ma brzemienne konsekwencje.<\/p>\n<p style=\"text-align: justify;\">Sp\u00f3jrzmy na spotkanie trzech kultur, w kt\u00f3rych co prawda zachodzi i proces sekularyzacji i modernizacji, ale w ka\u017cdej w innym tempie i na r\u00f3\u017cny spos\u00f3b. Na Zachodzie powsta\u0142a zdecydowana, agresywna kultura czasu. W pozosta\u0142ych jest inaczej. Jakie to rodzi konsekwencje?<\/p>\n","protected":false},"excerpt":{"rendered":"<p>Spis tre\u015bci Wst\u0119p Zach\u00f3d \u2013 sekularyzacja i modernizacja a kultura Czasu Islam \u2013 jak powolna sekularyzacja op\u00f3\u017ania modernizacj\u0119 Rosja \u2013 jak zbyt szybka sekularyzacja hamuje modernizacj\u0119 Zako\u0144czenie: inni uczestnicy wy\u015bcigu Summary Notka z wrze\u015bnia 2015 Tekst by\u0142 pisany dziewi\u0119\u0107 lat temu. Dzisiaj przegrana cywilizacyjna Rosji jest coraz bardziej widoczna. Przegrana ekonomiczna, militarna islamu tak\u017ce. Ale [&hellip;]<\/p>\n","protected":false},"author":1,"featured_media":0,"parent":894,"menu_order":0,"comment_status":"closed","ping_status":"open","template":"","meta":{"footnotes":""},"categories":[1],"tags":[],"class_list":{"0":"post-1149","1":"page","2":"type-page","3":"status-publish","5":"category-inne-teksty","6":"czr-hentry"},"translation":{"provider":"WPGlobus","version":"3.0.2","language":"en","enabled_languages":["pl","en"],"languages":{"pl":{"title":true,"content":true,"excerpt":false},"en":{"title":false,"content":false,"excerpt":false}}},"_links":{"self":[{"href":"https:\/\/jacek.kwasniewski.org.pl\/en\/wp-json\/wp\/v2\/pages\/1149","targetHints":{"allow":["GET"]}}],"collection":[{"href":"https:\/\/jacek.kwasniewski.org.pl\/en\/wp-json\/wp\/v2\/pages"}],"about":[{"href":"https:\/\/jacek.kwasniewski.org.pl\/en\/wp-json\/wp\/v2\/types\/page"}],"author":[{"embeddable":true,"href":"https:\/\/jacek.kwasniewski.org.pl\/en\/wp-json\/wp\/v2\/users\/1"}],"replies":[{"embeddable":true,"href":"https:\/\/jacek.kwasniewski.org.pl\/en\/wp-json\/wp\/v2\/comments?post=1149"}],"version-history":[{"count":0,"href":"https:\/\/jacek.kwasniewski.org.pl\/en\/wp-json\/wp\/v2\/pages\/1149\/revisions"}],"up":[{"embeddable":true,"href":"https:\/\/jacek.kwasniewski.org.pl\/en\/wp-json\/wp\/v2\/pages\/894"}],"wp:attachment":[{"href":"https:\/\/jacek.kwasniewski.org.pl\/en\/wp-json\/wp\/v2\/media?parent=1149"}],"wp:term":[{"taxonomy":"category","embeddable":true,"href":"https:\/\/jacek.kwasniewski.org.pl\/en\/wp-json\/wp\/v2\/categories?post=1149"},{"taxonomy":"post_tag","embeddable":true,"href":"https:\/\/jacek.kwasniewski.org.pl\/en\/wp-json\/wp\/v2\/tags?post=1149"}],"curies":[{"name":"wp","href":"https:\/\/api.w.org\/{rel}","templated":true}]}}