{"id":1142,"date":"2015-07-22T14:27:22","date_gmt":"2015-07-22T12:27:22","guid":{"rendered":"http:\/\/www.kwasniewski.org.pl\/?page_id=1142"},"modified":"2015-09-08T13:57:12","modified_gmt":"2015-09-08T11:57:12","slug":"streszczenie-nieprawda-ze-ludzie-od-kiedy-siegnac-pamiecia-pragna-zyc-dluzej-to-mit-zrodzony-niedawno","status":"publish","type":"page","link":"https:\/\/jacek.kwasniewski.org.pl\/en\/teksty\/streszczenie-nieprawda-ze-ludzie-od-kiedy-siegnac-pamiecia-pragna-zyc-dluzej-to-mit-zrodzony-niedawno\/","title":{"rendered":"Streszczenie &#8211; Nieprawda, \u017ce ludzie &#8211; od kiedy si\u0119gn\u0105\u0107 pami\u0119ci\u0105 &#8211; pragn\u0105 \u017cy\u0107 d\u0142u\u017cej. To mit, zrodzony niedawno"},"content":{"rendered":"<h4 style=\"text-align: justify;\">Spis tre\u015bci<\/h4>\n<ul>\n<li style=\"text-align: justify;\">Wst\u0119p.<\/li>\n<li style=\"text-align: justify;\">Oczywiste nie jest oczywiste<\/li>\n<li style=\"text-align: justify;\">Co znaczy pragnienie D\u0142u\u017cej dzisiaj a co znaczy\u0142o w przesz\u0142o\u015bci<\/li>\n<li style=\"text-align: justify;\">Pragnienie D\u0142u\u017cej jako mityczny spos\u00f3b do\u015bwiadczania czasu<\/li>\n<li style=\"text-align: justify;\">Pos\u0142owie<\/li>\n<\/ul>\n<h4 style=\"text-align: justify;\">Wst\u0119p i Pos\u0142owie<\/h4>\n<p style=\"text-align: justify;\">Zachodnie do\u015bwiadczanie \u015bwiata jest w istotnym stopniu sterowane mitami. Bodaj najwa\u017cniejszym jest mityczne prze\u017cywanie Czasu, w tym przekonanie, \u017ce cz\u0142owiek \u2013 odk\u0105d si\u0119gn\u0105\u0107 pami\u0119ci\u0105 \u2013 pragnie d\u0142u\u017cszego \u017cycia. Ten mit ma pot\u0119\u017cn\u0105 si\u0142\u0119 oddzia\u0142ywania, kt\u00f3r\u0105 odczuwamy na co dzie\u0144, aczkolwiek sam jest niewidzialny, cho\u0107 wszechobecny. Jak ka\u017cdy mit. Przekonanie, \u017ce pragnienie d\u0142u\u017cszego \u017cycia jest odwieczne, jest z\u0142udzeniem, ale z mitem si\u0119 nie dyskutuje. Dzia\u0142aj\u0105cego na nas mitu nie widzimy jako mitu, ale jako bezdyskusyjn\u0105 prawd\u0119 i w zwi\u0105zku z tym ufamy mu bezgranicznie.<\/p>\n<p style=\"text-align: justify;\">Pierwsza wersja tego tekstu zosta\u0142a napisana w roku 2004 i sta\u0142a si\u0119 fragmentem czwartego rozdzia\u0142u mojej ksi\u0105\u017cki \u201eCywilizacja zachodnia i Czas\u201d. Nieco p\u00f3\u017aniej zamieni\u0142em go na artyku\u0142 i zamie\u015bci\u0142em na mojej stronie. Oceniaj\u0105c poczytno\u015b\u0107 tego tekstu liczb\u0105 pobra\u0144 ze strony, nie cieszy\u0142 si\u0119 wielk\u0105 popularno\u015bci\u0105. Dyskutowa\u0142em o tym ze znajomymi i doszed\u0142em do wniosku, \u017ce tak dziwne dla nich zagadnienie powinno by\u0107 wyja\u015bnione nieco szerzej. Tekst przeredagowa\u0142em i nieco rozszerzy\u0142em. Opatrzy\u0142em go bardziej adekwatnym tytu\u0142em, cho\u0107 odbiegaj\u0105cym od aktualnych trend\u00f3w tytu\u0142otw\u00f3rczych. Je\u015bli zach\u0119ci teraz do przemy\u015blenia problemu, proponuj\u0119 si\u0119gn\u0105\u0107 do ksi\u0105\u017cki, o kt\u00f3rej wspomnia\u0142em.<\/p>\n","protected":false},"excerpt":{"rendered":"<p>Spis tre\u015bci Wst\u0119p. Oczywiste nie jest oczywiste Co znaczy pragnienie D\u0142u\u017cej dzisiaj a co znaczy\u0142o w przesz\u0142o\u015bci Pragnienie D\u0142u\u017cej jako mityczny spos\u00f3b do\u015bwiadczania czasu Pos\u0142owie Wst\u0119p i Pos\u0142owie Zachodnie do\u015bwiadczanie \u015bwiata jest w istotnym stopniu sterowane mitami. Bodaj najwa\u017cniejszym jest mityczne prze\u017cywanie Czasu, w tym przekonanie, \u017ce cz\u0142owiek \u2013 odk\u0105d si\u0119gn\u0105\u0107 pami\u0119ci\u0105 \u2013 pragnie d\u0142u\u017cszego [&hellip;]<\/p>\n","protected":false},"author":1,"featured_media":0,"parent":894,"menu_order":0,"comment_status":"closed","ping_status":"open","template":"","meta":{"footnotes":""},"categories":[1],"tags":[],"class_list":{"0":"post-1142","1":"page","2":"type-page","3":"status-publish","5":"category-inne-teksty","6":"czr-hentry"},"translation":{"provider":"WPGlobus","version":"3.0.2","language":"en","enabled_languages":["pl","en"],"languages":{"pl":{"title":true,"content":true,"excerpt":false},"en":{"title":false,"content":false,"excerpt":false}}},"_links":{"self":[{"href":"https:\/\/jacek.kwasniewski.org.pl\/en\/wp-json\/wp\/v2\/pages\/1142","targetHints":{"allow":["GET"]}}],"collection":[{"href":"https:\/\/jacek.kwasniewski.org.pl\/en\/wp-json\/wp\/v2\/pages"}],"about":[{"href":"https:\/\/jacek.kwasniewski.org.pl\/en\/wp-json\/wp\/v2\/types\/page"}],"author":[{"embeddable":true,"href":"https:\/\/jacek.kwasniewski.org.pl\/en\/wp-json\/wp\/v2\/users\/1"}],"replies":[{"embeddable":true,"href":"https:\/\/jacek.kwasniewski.org.pl\/en\/wp-json\/wp\/v2\/comments?post=1142"}],"version-history":[{"count":0,"href":"https:\/\/jacek.kwasniewski.org.pl\/en\/wp-json\/wp\/v2\/pages\/1142\/revisions"}],"up":[{"embeddable":true,"href":"https:\/\/jacek.kwasniewski.org.pl\/en\/wp-json\/wp\/v2\/pages\/894"}],"wp:attachment":[{"href":"https:\/\/jacek.kwasniewski.org.pl\/en\/wp-json\/wp\/v2\/media?parent=1142"}],"wp:term":[{"taxonomy":"category","embeddable":true,"href":"https:\/\/jacek.kwasniewski.org.pl\/en\/wp-json\/wp\/v2\/categories?post=1142"},{"taxonomy":"post_tag","embeddable":true,"href":"https:\/\/jacek.kwasniewski.org.pl\/en\/wp-json\/wp\/v2\/tags?post=1142"}],"curies":[{"name":"wp","href":"https:\/\/api.w.org\/{rel}","templated":true}]}}