{"id":1136,"date":"2015-07-22T14:22:27","date_gmt":"2015-07-22T12:22:27","guid":{"rendered":"http:\/\/www.kwasniewski.org.pl\/?page_id=1136"},"modified":"2015-09-08T13:51:53","modified_gmt":"2015-09-08T11:51:53","slug":"streszczenie-historyczny-fenomen-europejski-czyli-jak-europa-przescignela-azje","status":"publish","type":"page","link":"https:\/\/jacek.kwasniewski.org.pl\/en\/teksty\/streszczenie-historyczny-fenomen-europejski-czyli-jak-europa-przescignela-azje\/","title":{"rendered":"Streszczenie &#8211; Historyczny fenomen europejski, czyli jak Europa prze\u015bcign\u0119\u0142a Azj\u0119"},"content":{"rendered":"<h4 style=\"text-align: justify;\">Spis tre\u015bci<\/h4>\n<ul style=\"text-align: justify;\">\n<li>Wst\u0119p<\/li>\n<li>Fenomen europejski jako przedmiot bada\u0144 nauk historycznych<\/li>\n<li>Fenomen europejski \u2013 definicja zjawiska i podstawowy problem badawczy<\/li>\n<li>Historyczny wy\u015bcig Zachodu z reszt\u0105 \u015bwiata \u2013 prezentacja zjawiska<\/li>\n<li>Fenomen europejski \u2013 problemy i g\u0142\u00f3wne pytania<\/li>\n<li>Fenomen europejski \u2013 osie polemik teoretycznych<\/li>\n<li>Tajemnicze \u017ar\u00f3d\u0142a europejskiej innowacyjno\u015bci<\/li>\n<li>Zako\u0144czenie<\/li>\n<li>Abstract (in English)<\/li>\n<li>Literatura<\/li>\n<li>Tabele i wykresy<\/li>\n<\/ul>\n<h4 style=\"text-align: justify;\">Fragment Wst\u0119pu<\/h4>\n<p style=\"text-align: justify;\">W niniejszym artykule przedstawiam istotne w\u0105tki dyskusji teoretycznych wok\u00f3\u0142 fenomenu europejskiego. Terminem tym okre\u015bla si\u0119 wyj\u0105tkow\u0105 dynamik\u0119 historycznego rozwoju naszego kontynentu na tle innych wielkich cywilizacji \u015bwiata. Literatura po\u015bwi\u0119cona temu tematowi jest bardzo rozleg\u0142a i ka\u017cda pr\u00f3ba jej zaprezentowania wymaga pewnego uporz\u0105dkowania.<\/p>\n<p style=\"text-align: justify;\">Zaczynam od przedstawienia danych liczbowych jak wygl\u0105da\u0142a dynamika historycznego rozwoju Europy na tle innych cywilizacji. Bez tego dyskusja o zmieniaj\u0105cej si\u0119 pozycji Europy, a szerzej &#8211; Zachodu, na tle \u015bwiata, \u0142atwo grz\u0119\u017anie w bezproduktywnych sporach.<\/p>\n<p style=\"text-align: justify;\">Nast\u0119pnie kr\u00f3tko zrelacjonuj\u0119 zasadnicze problemy dyskutowane w odniesieniu do fenomenu europejskiego. Poniewa\u017c debata rozgrywa si\u0119 cz\u0119sto w formie polemik mi\u0119dzy rozbie\u017cnymi stanowiskami, przedstawi\u0119 tak\u017ce g\u0142\u00f3wne osie tych polemik oraz reprezentant\u00f3w przeciwstawnych opcji.<\/p>\n<p style=\"text-align: justify;\">Na koniec chcia\u0142bym nieco bli\u017cej zrelacjonowa\u0107 dyskusj\u0119 nad jednym z kluczowych problem\u00f3w europejskiego fenomenu, mianowicie kwesti\u0105 \u017ar\u00f3de\u0142 europejskiej innowacyjno\u015bci.<\/p>\n","protected":false},"excerpt":{"rendered":"<p>Spis tre\u015bci Wst\u0119p Fenomen europejski jako przedmiot bada\u0144 nauk historycznych Fenomen europejski \u2013 definicja zjawiska i podstawowy problem badawczy Historyczny wy\u015bcig Zachodu z reszt\u0105 \u015bwiata \u2013 prezentacja zjawiska Fenomen europejski \u2013 problemy i g\u0142\u00f3wne pytania Fenomen europejski \u2013 osie polemik teoretycznych Tajemnicze \u017ar\u00f3d\u0142a europejskiej innowacyjno\u015bci Zako\u0144czenie Abstract (in English) Literatura Tabele i wykresy Fragment Wst\u0119pu [&hellip;]<\/p>\n","protected":false},"author":1,"featured_media":0,"parent":894,"menu_order":0,"comment_status":"closed","ping_status":"open","template":"","meta":{"footnotes":""},"categories":[1],"tags":[],"class_list":{"0":"post-1136","1":"page","2":"type-page","3":"status-publish","5":"category-inne-teksty","6":"czr-hentry"},"translation":{"provider":"WPGlobus","version":"3.0.2","language":"en","enabled_languages":["pl","en"],"languages":{"pl":{"title":true,"content":true,"excerpt":false},"en":{"title":false,"content":false,"excerpt":false}}},"_links":{"self":[{"href":"https:\/\/jacek.kwasniewski.org.pl\/en\/wp-json\/wp\/v2\/pages\/1136","targetHints":{"allow":["GET"]}}],"collection":[{"href":"https:\/\/jacek.kwasniewski.org.pl\/en\/wp-json\/wp\/v2\/pages"}],"about":[{"href":"https:\/\/jacek.kwasniewski.org.pl\/en\/wp-json\/wp\/v2\/types\/page"}],"author":[{"embeddable":true,"href":"https:\/\/jacek.kwasniewski.org.pl\/en\/wp-json\/wp\/v2\/users\/1"}],"replies":[{"embeddable":true,"href":"https:\/\/jacek.kwasniewski.org.pl\/en\/wp-json\/wp\/v2\/comments?post=1136"}],"version-history":[{"count":0,"href":"https:\/\/jacek.kwasniewski.org.pl\/en\/wp-json\/wp\/v2\/pages\/1136\/revisions"}],"up":[{"embeddable":true,"href":"https:\/\/jacek.kwasniewski.org.pl\/en\/wp-json\/wp\/v2\/pages\/894"}],"wp:attachment":[{"href":"https:\/\/jacek.kwasniewski.org.pl\/en\/wp-json\/wp\/v2\/media?parent=1136"}],"wp:term":[{"taxonomy":"category","embeddable":true,"href":"https:\/\/jacek.kwasniewski.org.pl\/en\/wp-json\/wp\/v2\/categories?post=1136"},{"taxonomy":"post_tag","embeddable":true,"href":"https:\/\/jacek.kwasniewski.org.pl\/en\/wp-json\/wp\/v2\/tags?post=1136"}],"curies":[{"name":"wp","href":"https:\/\/api.w.org\/{rel}","templated":true}]}}