{"id":1086,"date":"2015-07-21T12:10:36","date_gmt":"2015-07-21T10:10:36","guid":{"rendered":"http:\/\/www.kwasniewski.org.pl\/?page_id=1086"},"modified":"2018-05-31T17:05:17","modified_gmt":"2018-05-31T15:05:17","slug":"dlaczego-lubie-chodzic-na-msze-dla-przedszkolakow-2","status":"publish","type":"page","link":"https:\/\/jacek.kwasniewski.org.pl\/en\/teksty\/dlaczego-lubie-chodzic-na-msze-dla-przedszkolakow-2\/","title":{"rendered":"Dlaczego lubi\u0119 chodzi\u0107 na msze dla przedszkolak\u00f3w"},"content":{"rendered":"<p style=\"text-align: right;\"><img loading=\"lazy\" decoding=\"async\" class=\"alignnone size-full wp-image-2932\" src=\"http:\/\/jacek.kwasniewski.org.pl\/media\/inne-teksty\/pdf2.jpg\" alt=\"pdf2\" width=\"21\" height=\"21\" \/>\u00a0 <a href=\"http:\/\/jacek.kwasniewski.org.pl\/media\/inne-teksty\/Dlaczego_lubie_chodzic_na_msze_dla-przedszkolakow.pdf\">czytaj pdf \/ pobierz<\/a><\/p>\n<hr \/>\n<p style=\"text-align: justify;\"><span style=\"color: #000000;\">8 stycznia 2006<\/span><\/p>\n<p style=\"text-align: justify;\"><span style=\"color: #000000;\">Na dzisiejszej mszy (\u015bwi\u0119to chrztu Pa\u0144skiego), gdy ksi\u0105dz zapyta\u0142 zebrane wok\u00f3\u0142 niego dzieci, jakie mamy dzi\u015b \u015bwi\u0119to, odpowied\u017a pierwszego malucha brzmia\u0142a: \u015bwi\u0119to Wielkiej Orkiestry \u015awi\u0105tecznej Pomocy. \u015amiech poszed\u0142 po ko\u015bciele, ale w takich zabawnych odpowiedziach, jakich jest na tych mszach wi\u0119cej, kryje si\u0119 co\u015b o wiele g\u0142\u0119bszego, ni\u017c tylko humor.<\/span><\/p>\n<p style=\"text-align: justify;\"><span style=\"color: #000000;\">Msza nie jest dla mnie spotkaniem, aby si\u0119 poduczy\u0107 religii. Cho\u0107 w tle tak\u017ce, poprzez wieloletnie s\u0142uchanie tekst\u00f3w objawionych. Dzi\u0119ki temu zna\u0142em Nowy Testament zanim go przeczyta\u0142em. Ale msza to przede wszystkim spotkanie z Tajemnic\u0105 Objawienia. Z Bogiem. To jest wydarzenie niezwyk\u0142e i musi by\u0107 odpowiednio do swej wagi prze\u017cyte. A przewa\u017cnie nie jest. Msz\u0119 si\u0119 zalicza i pami\u0119\u0107 o niej znika zaraz po wyj\u015bciu z Ko\u015bcio\u0142a.<\/span><\/p>\n<p style=\"text-align: justify;\"><span style=\"color: #000000;\">Msza dla przedszkolak\u00f3w to spotkanie z lud\u017ami, kt\u00f3rzy Boga kochaj\u0105 spontanicznie a \u015bwi\u0105tyni\u0119 traktuj\u0105 bez wyuczonej czci nabo\u017cnej (trawestuj\u0105c Gombrowicza: \u201edlaczego jeste\u015bmy w ko\u015bciele powa\u017cni i cicho? Bo ko\u015bci\u00f3\u0142 \u015bwi\u0119tym miejscem jest.\u201d). Przepadam za ogl\u0105daniem maluch\u00f3w ci\u0105gle staraj\u0105cych si\u0119 dosta\u0107 jak najbli\u017cej o\u0142tarza. Albo zapatrzonych w ksi\u0119dza celebruj\u0105cego msz\u0119. Albo rozbieganych po ca\u0142ym ko\u015bciele. Je\u015bli tak spojrzymy na msz\u0119, jest ona uczestnictwem w bardzo autentycznym spotkaniu, pozbawionym gorsetu konwenansu. A ja bardzo lubi\u0119 spotkania z lud\u017ami autentycznymi.<\/span><\/p>\n<p style=\"text-align: justify;\"><span style=\"color: #000000;\">Przedszkolaki s\u0105 ciekawe Pana Boga, a ja lubi\u0119 ludzi ciekawych \u015bwiata.<\/span><\/p>\n<p style=\"text-align: justify;\"><span style=\"color: #000000;\">Przedszkolaki my\u015bl\u0105 w czasie tego spotkania. Na pytania ksi\u0119dza odpowiadaj\u0105 dobrze, \u017ale, zabawnie lub nies\u0142ychanie m\u0105drze, ale przede wszystkim my\u015bl\u0105. I nie boj\u0105 si\u0119 b\u0142\u0119du lub o\u015bmieszenia, bo one Boga szukaj\u0105. I swoimi odpowiedziami eksperymentuj\u0105. Dlatego tak cz\u0119sto odpowiadaj\u0105 pytaj\u0105c. Ksi\u0105dz pyta: gdzie uciek\u0142 na osio\u0142ku \u015bwi\u0119ty J\u00f3zef\u00a0 z Matk\u0105 Bosk\u0105 i Jezusem? A maluch odpowiada: do Egiptu??? Tak, dobrze \u2013 m\u00f3wi ksi\u0105dz \u2013 do Egiptu. Zamiast my\u015ble\u0107 w takich momentach: \u201eja to wszystko wiem\u201d pomy\u015blmy, czy byliby\u015bmy sk\u0142onni z podobnym zapa\u0142em jak ten maluch odpowiada\u0107 g\u0142o\u015bno przed du\u017cym zgromadzeniem na o wiele trudniejsze pytania z dziedziny teologii lub jakiejkolwiek innej.<\/span><\/p>\n<p style=\"text-align: justify;\"><span style=\"color: #000000;\">Je\u015bli ksi\u0105dz pyta kim ma si\u0119 sta\u0107 dziecko poprzez chrzest a przedszkolak odpowiada, \u017ce \u015bwi\u0119tym, to cho\u0107 ksi\u0105dz poprawia, \u017ce ma si\u0119 sta\u0107 dzieckiem Bo\u017cym, odpowied\u017a malucha ma nies\u0142ychanie g\u0142\u0119boki teologicznie sens. \u015awi\u0119ty Josemaria Escriva, za\u0142o\u017cyciel Opus Dei, by\u0142by zachwycony t\u0105 odpowiedzi\u0105. Celem ka\u017cdego cz\u0142owieka &#8211; m\u00f3wi\u0142 &#8211; jest d\u0105\u017cenie do \u015bwi\u0119to\u015bci.<\/span><\/p>\n<p style=\"text-align: justify;\"><span style=\"color: #000000;\">Dlaczego wi\u0119c lubi\u0119 chodzi\u0107 na msze dla przedszkolak\u00f3w? Bo ucz\u0119 si\u0119 od nich\u00a0 jak nale\u017cy by\u0107 z Bogiem. Ja im nic nie daj\u0119. To one mnie ucz\u0105. I si\u0119 w\u015br\u00f3d nich \u015bwietnie czuj\u0119.<\/span><\/p>\n<p style=\"text-align: justify;\"><span style=\"color: #000000;\">Ksi\u0105dz, kt\u00f3ry prowadzi msze dla maluch\u00f3w w niedziel\u0119 o 11.30 przyszed\u0142 do nas stosunkowo niedawno. Rozmawiaj\u0105c z dzie\u0107mi, kt\u00f3re zbiegaj\u0105 si\u0119 pod o\u0142tarz, jest pogodny, u\u015bmiechni\u0119ty, rozlu\u017aniony. Bardzo sympatyczny. Dla mnie to wa\u017cne, jaki jest cz\u0142owiek, kt\u00f3ry po\u015bredniczy mi\u0119dzy mn\u0105 a Bogiem. Zreszt\u0105 zauwa\u017cy\u0142em, \u017ce ci sami ksi\u0119\u017ca celebruj\u0105c msze dla maluch\u00f3w cz\u0119sto s\u0105 inni ni\u017c wtedy, gdy stoj\u0105 wobec doros\u0142ych. I ja wol\u0119 ich w towarzystwie dzieci. Przedszkolaki chyba wywieraj\u0105 silny wp\u0142yw na kap\u0142ana, cho\u0107 zapewne wielu z nich my\u015bli odwrotnie.<\/span><\/p>\n<p><span style=\"color: #000000;\">10 lat p\u00f3\u017aniej\u00a0\u00a0\u00a0\u00a0\u00a0\u00a0\u00a0\u00a0\u00a0\u00a0\u00a0\u00a0\u00a0\u00a0\u00a0\u00a0\u00a0\u00a0\u00a0\u00a0\u00a0\u00a0\u00a0\u00a0\u00a0 czerwiec 2016<\/span><\/p>\n<p style=\"text-align: justify;\"><span style=\"color: #000000;\">Inna parafia, ale ci\u0105gle msza dla maluch\u00f3w. Teraz z wnuczk\u0105. Idziemy godzin\u0119 wcze\u015bniej, bo jest scholank\u0105 i \u0107wiczy. Zacz\u0119\u0142a rok temu, przez nikogo nie zach\u0119cana. \u0106wiczy z zapa\u0142em i cho\u0107 nie ma poj\u0119cia o czytaniu, trzyma na mszy \u015bpiewnik.<\/span><\/p>\n<p style=\"text-align: justify;\"><span style=\"color: #000000;\">Przed o\u0142tarzem zawsze wielki t\u0142um dzieci. Najwi\u0119kszy harmider zaczyna si\u0119, gdy po homilii rozpoczyna si\u0119 modlitwa powszechna i ksi\u0105dz zbiera intencje. Wszyscy do lat o\u015bmiu \u2013 dziewi\u0119ciu pchaj\u0105 si\u0119 strasznie, aby si\u0119 dosta\u0107 do mikrofonu.<\/span><\/p>\n<p style=\"text-align: justify;\"><span style=\"color: #000000;\">Zawsze kilkoro maluch\u00f3w chce, \u017ceby zebrani modlili si\u0119 za ksi\u0119dza, kt\u00f3ry odprawia msz\u0119, inni, \u017ceby\u015bmy si\u0119 modlili za Pana Boga (ksi\u0105dz poprawia: do Pana Boga o\u2026). S\u0105 intencje zwyczajne (za mam\u0119, tat\u0119, za pi\u0142karzy, za ca\u0142y \u015bwiat), chwytaj\u0105ce za serce (\u017ceby tatu\u015b ju\u017c nie pi\u0142), dramatyczne, cho\u0107 brzmi\u0105ce zabawnie (za ca\u0142\u0105 rodzin\u0119 poza moim bratem). Prawie zawsze s\u0105 pro\u015bby, aby\u015bmy si\u0119 modlili za chomika, \u015bwink\u0119 morsk\u0105 i inne zwierz\u0105tka, jakie dzieci maj\u0105 w domu.<\/span><\/p>\n<p style=\"text-align: justify;\"><span style=\"color: #000000;\">Ksi\u0105dz powinien mie\u0107 szybki refleks zbieraj\u0105c od maluch\u00f3w intencje. Jedna dziewczynka powiedzia\u0142a: za \u015bcian\u0119. Ksi\u0105dz b\u0142yskawicznie doda\u0142: \u017ceby na nas nie upad\u0142a.<\/span><\/p>\n<p style=\"text-align: justify;\"><span style=\"color: #000000;\">Wnuczka powiedzia\u0142a kiedy\u015b intencj\u0119: &#8220;za pana Adama&#8221;. To nasz przyjaciel. Akurat do nas zjecha\u0142. Niewierz\u0105cy a mo\u017ce raczej agnostyk. Na wie\u015b\u0107, \u017ce ca\u0142y ko\u015bci\u00f3\u0142 modli\u0142 si\u0119 za niego, pokiwa\u0142 g\u0142ow\u0105 i powiedzia\u0142, \u017ce ma\u0142a jest nieprawdopodobna. Zorganizowa\u0107 zbiorowe mod\u0142y w jego intencji! Nigdy w \u017cyciu nie do\u015bwiadczy\u0142 czego\u015b takiego. Oboje zreszt\u0105 przepadaj\u0105 za sob\u0105. Wnuczka nie ma siedmiu lat, Adam ponad osiemdziesi\u0105t.<\/span><\/p>\n","protected":false},"excerpt":{"rendered":"<p>\u00a0 czytaj pdf \/ pobierz 8 stycznia 2006 Na dzisiejszej mszy (\u015bwi\u0119to chrztu Pa\u0144skiego), gdy ksi\u0105dz zapyta\u0142 zebrane wok\u00f3\u0142 niego dzieci, jakie mamy dzi\u015b \u015bwi\u0119to, odpowied\u017a pierwszego malucha brzmia\u0142a: \u015bwi\u0119to Wielkiej Orkiestry \u015awi\u0105tecznej Pomocy. \u015amiech poszed\u0142 po ko\u015bciele, ale w takich zabawnych odpowiedziach, jakich jest na tych mszach wi\u0119cej, kryje si\u0119 co\u015b o wiele g\u0142\u0119bszego, [&hellip;]<\/p>\n","protected":false},"author":1,"featured_media":0,"parent":894,"menu_order":0,"comment_status":"closed","ping_status":"open","template":"","meta":{"footnotes":""},"categories":[1],"tags":[],"class_list":{"0":"post-1086","1":"page","2":"type-page","3":"status-publish","5":"category-inne-teksty","6":"czr-hentry"},"translation":{"provider":"WPGlobus","version":"3.0.2","language":"en","enabled_languages":["pl","en"],"languages":{"pl":{"title":true,"content":true,"excerpt":false},"en":{"title":false,"content":false,"excerpt":false}}},"_links":{"self":[{"href":"https:\/\/jacek.kwasniewski.org.pl\/en\/wp-json\/wp\/v2\/pages\/1086","targetHints":{"allow":["GET"]}}],"collection":[{"href":"https:\/\/jacek.kwasniewski.org.pl\/en\/wp-json\/wp\/v2\/pages"}],"about":[{"href":"https:\/\/jacek.kwasniewski.org.pl\/en\/wp-json\/wp\/v2\/types\/page"}],"author":[{"embeddable":true,"href":"https:\/\/jacek.kwasniewski.org.pl\/en\/wp-json\/wp\/v2\/users\/1"}],"replies":[{"embeddable":true,"href":"https:\/\/jacek.kwasniewski.org.pl\/en\/wp-json\/wp\/v2\/comments?post=1086"}],"version-history":[{"count":1,"href":"https:\/\/jacek.kwasniewski.org.pl\/en\/wp-json\/wp\/v2\/pages\/1086\/revisions"}],"predecessor-version":[{"id":5629,"href":"https:\/\/jacek.kwasniewski.org.pl\/en\/wp-json\/wp\/v2\/pages\/1086\/revisions\/5629"}],"up":[{"embeddable":true,"href":"https:\/\/jacek.kwasniewski.org.pl\/en\/wp-json\/wp\/v2\/pages\/894"}],"wp:attachment":[{"href":"https:\/\/jacek.kwasniewski.org.pl\/en\/wp-json\/wp\/v2\/media?parent=1086"}],"wp:term":[{"taxonomy":"category","embeddable":true,"href":"https:\/\/jacek.kwasniewski.org.pl\/en\/wp-json\/wp\/v2\/categories?post=1086"},{"taxonomy":"post_tag","embeddable":true,"href":"https:\/\/jacek.kwasniewski.org.pl\/en\/wp-json\/wp\/v2\/tags?post=1086"}],"curies":[{"name":"wp","href":"https:\/\/api.w.org\/{rel}","templated":true}]}}